{"id":456,"date":"2022-03-15T07:34:15","date_gmt":"2022-03-15T07:34:15","guid":{"rendered":"http:\/\/commune.esson.fr\/website\/?page_id=456"},"modified":"2022-03-15T07:36:24","modified_gmt":"2022-03-15T07:36:24","slug":"services","status":"publish","type":"page","link":"https:\/\/commune.esson.fr\/website\/?page_id=456","title":{"rendered":"Services"},"content":{"rendered":"\n<h2 class=\"wp-block-heading\">La Salle des F\u00eates<\/h2>\n\n\n\n<figure class=\"wp-block-image size-full\"><img loading=\"lazy\" decoding=\"async\" width=\"851\" height=\"436\" src=\"https:\/\/commune.esson.fr\/website\/wp-content\/uploads\/2022\/03\/Services_2022_1.jpg\" alt=\"\" class=\"wp-image-457\" srcset=\"https:\/\/commune.esson.fr\/website\/wp-content\/uploads\/2022\/03\/Services_2022_1.jpg 851w, https:\/\/commune.esson.fr\/website\/wp-content\/uploads\/2022\/03\/Services_2022_1-300x154.jpg 300w, https:\/\/commune.esson.fr\/website\/wp-content\/uploads\/2022\/03\/Services_2022_1-768x393.jpg 768w, https:\/\/commune.esson.fr\/website\/wp-content\/uploads\/2022\/03\/Services_2022_1-500x256.jpg 500w\" sizes=\"auto, (max-width: 709px) 85vw, (max-width: 909px) 67vw, (max-width: 1362px) 62vw, 840px\" \/><\/figure>\n\n\n\n<h2 class=\"wp-block-heading\">Tarifs de location<\/h2>\n\n\n\n<p><strong>Pour les habitants de la commune<\/strong><\/p>\n\n\n\n<p><br>Pour un Weekend (samedi\/dimanche ou jours f\u00e9ri\u00e9s)&nbsp;: 240 \u20ac plus frais de fonctionnement<br>Pour un vin d\u2019honneur&nbsp;: 120 \u20ac plus frais de fonctionnement<br>Une journ\u00e9e ou soir\u00e9e en semaine&nbsp;: 160 \u20ac plus frais de fonctionnement<\/p>\n\n\n\n<p><br><strong>Pour les habitants hors de la commune<\/strong><\/p>\n\n\n\n<p>350 \u20ac plus frais de fonctionnement<br>Personne \u00e0 contacter pour la r\u00e9servation et la remise des clefs&nbsp;: Mairie au 02.31.79.45.13<br>La cuisine est \u00e9quip\u00e9e de mat\u00e9riels modernes et indispensables \u00e0 l\u2019organisation de repas. La vaisselle n\u2019est pas fournie.<\/p>\n\n\n\n<p><br>Ces quelques photos vous donneront un petit aper\u00e7u de l\u2019agencement des pi\u00e8ces utiles \u00e0 l\u2019organisation d\u2019une r\u00e9ception.<\/p>\n\n\n\n<figure class=\"wp-block-image size-full\"><img loading=\"lazy\" decoding=\"async\" width=\"820\" height=\"394\" src=\"https:\/\/commune.esson.fr\/website\/wp-content\/uploads\/2022\/03\/Services_2022_2.jpg\" alt=\"\" class=\"wp-image-458\" srcset=\"https:\/\/commune.esson.fr\/website\/wp-content\/uploads\/2022\/03\/Services_2022_2.jpg 820w, https:\/\/commune.esson.fr\/website\/wp-content\/uploads\/2022\/03\/Services_2022_2-300x144.jpg 300w, https:\/\/commune.esson.fr\/website\/wp-content\/uploads\/2022\/03\/Services_2022_2-768x369.jpg 768w, https:\/\/commune.esson.fr\/website\/wp-content\/uploads\/2022\/03\/Services_2022_2-500x240.jpg 500w\" sizes=\"auto, (max-width: 820px) 85vw, 820px\" \/><\/figure>\n","protected":false},"excerpt":{"rendered":"<p>La Salle des F\u00eates Tarifs de location Pour les habitants de la commune Pour un Weekend (samedi\/dimanche ou jours f\u00e9ri\u00e9s)&nbsp;: 240 \u20ac plus frais de fonctionnementPour un vin d\u2019honneur&nbsp;: 120 \u20ac plus frais de fonctionnementUne journ\u00e9e ou soir\u00e9e en semaine&nbsp;: 160 \u20ac plus frais de fonctionnement Pour les habitants hors de la commune 350 \u20ac &hellip; <a href=\"https:\/\/commune.esson.fr\/website\/?page_id=456\" class=\"more-link\">Continuer la lecture<span class=\"screen-reader-text\"> de &laquo;&nbsp;Services&nbsp;&raquo;<\/span><\/a><\/p>\n","protected":false},"author":1,"featured_media":0,"parent":0,"menu_order":0,"comment_status":"closed","ping_status":"closed","template":"sidebar-page.php","meta":{"_exactmetrics_skip_tracking":false,"_exactmetrics_sitenote_active":false,"_exactmetrics_sitenote_note":"","_exactmetrics_sitenote_category":0,"footnotes":""},"class_list":["post-456","page","type-page","status-publish","hentry"],"_links":{"self":[{"href":"https:\/\/commune.esson.fr\/website\/index.php?rest_route=\/wp\/v2\/pages\/456","targetHints":{"allow":["GET"]}}],"collection":[{"href":"https:\/\/commune.esson.fr\/website\/index.php?rest_route=\/wp\/v2\/pages"}],"about":[{"href":"https:\/\/commune.esson.fr\/website\/index.php?rest_route=\/wp\/v2\/types\/page"}],"author":[{"embeddable":true,"href":"https:\/\/commune.esson.fr\/website\/index.php?rest_route=\/wp\/v2\/users\/1"}],"replies":[{"embeddable":true,"href":"https:\/\/commune.esson.fr\/website\/index.php?rest_route=%2Fwp%2Fv2%2Fcomments&post=456"}],"version-history":[{"count":2,"href":"https:\/\/commune.esson.fr\/website\/index.php?rest_route=\/wp\/v2\/pages\/456\/revisions"}],"predecessor-version":[{"id":461,"href":"https:\/\/commune.esson.fr\/website\/index.php?rest_route=\/wp\/v2\/pages\/456\/revisions\/461"}],"wp:attachment":[{"href":"https:\/\/commune.esson.fr\/website\/index.php?rest_route=%2Fwp%2Fv2%2Fmedia&parent=456"}],"curies":[{"name":"wp","href":"https:\/\/api.w.org\/{rel}","templated":true}]}}