{"id":451,"date":"2022-03-15T07:03:47","date_gmt":"2022-03-15T07:03:47","guid":{"rendered":"http:\/\/commune.esson.fr\/website\/?page_id=451"},"modified":"2024-03-29T13:11:12","modified_gmt":"2024-03-29T13:11:12","slug":"la-mairie","status":"publish","type":"page","link":"https:\/\/commune.esson.fr\/website\/?page_id=451","title":{"rendered":"La Mairie"},"content":{"rendered":"\n<p>Adresse :<\/p>\n\n\n\n<p>4, rue de PONT D\u2019OUILLY<br>14220 ESSON<\/p>\n\n\n\n<p>Nous contacter :<\/p>\n\n\n\n<p>T\u00e9l\u00e9phone : 02.31.79.45.13<\/p>\n\n\n\n<p>Adresse Mail : <a href=\"mailto:mairie.esson@orange.fr\">mairie.esson@orange.fr<\/a><\/p>\n\n\n\n<p>Permanences :<\/p>\n\n\n\n<figure class=\"wp-block-table is-style-stripes\"><table><tbody><tr><td>Mardi<\/td><td>16H00<\/td><td>18H30<\/td><\/tr><tr><td>Vendredi<\/td><td>16H00<\/td><td>18H30<\/td><\/tr><\/tbody><\/table><\/figure>\n\n\n\n<figure class=\"wp-block-gallery has-nested-images columns-default is-cropped wp-block-gallery-1 is-layout-flex wp-block-gallery-is-layout-flex\"><\/figure>\n\n\n\n<figure class=\"wp-block-table\"><table><tbody><tr><td><strong>Maire<\/strong><\/td><td><strong>M. Gilles PITEL&nbsp;&nbsp;<\/strong><\/td><\/tr><tr><td>Premier adjoint<\/td><td>Mme Ad\u00e8le <strong>LEBOUCQ<\/strong><\/td><\/tr><tr><td>Deuxi\u00e8me adjoint<\/td><td>M. Lo\u00efc <strong>BAILLIEUL<\/strong><strong><\/strong><\/td><\/tr><tr><td>Secr\u00e9tariat&nbsp;<\/td><td>Mme \u00c9lisabeth <strong>CHANU<\/strong>&nbsp;<\/td><\/tr><tr><td>Service technique<\/td><td>M. Franck <strong>LAULNAIS<\/strong> M. Emmanuel <strong>VERRIER<\/strong><\/td><\/tr><tr><td>Agent d\u2019entretien<\/td><td>Mme Isabelle <strong>LETALLEC<\/strong><\/td><\/tr><\/tbody><\/table><\/figure>\n","protected":false},"excerpt":{"rendered":"<p>Adresse : 4, rue de PONT D\u2019OUILLY14220 ESSON Nous contacter : T\u00e9l\u00e9phone : 02.31.79.45.13 Adresse Mail : mairie.esson@orange.fr Permanences : Mardi 16H00 18H30 Vendredi 16H00 18H30 Maire M. Gilles PITEL&nbsp;&nbsp; Premier adjoint Mme Ad\u00e8le LEBOUCQ Deuxi\u00e8me adjoint M. Lo\u00efc BAILLIEUL Secr\u00e9tariat&nbsp; Mme \u00c9lisabeth CHANU&nbsp; Service technique M. Franck LAULNAIS M. Emmanuel VERRIER Agent d\u2019entretien Mme &hellip; <a href=\"https:\/\/commune.esson.fr\/website\/?page_id=451\" class=\"more-link\">Continuer la lecture<span class=\"screen-reader-text\"> de &laquo;&nbsp;La Mairie&nbsp;&raquo;<\/span><\/a><\/p>\n","protected":false},"author":1,"featured_media":0,"parent":0,"menu_order":0,"comment_status":"closed","ping_status":"closed","template":"sidebar-page.php","meta":{"_exactmetrics_skip_tracking":false,"_exactmetrics_sitenote_active":false,"_exactmetrics_sitenote_note":"","_exactmetrics_sitenote_category":0,"footnotes":""},"class_list":["post-451","page","type-page","status-publish","hentry"],"_links":{"self":[{"href":"https:\/\/commune.esson.fr\/website\/index.php?rest_route=\/wp\/v2\/pages\/451","targetHints":{"allow":["GET"]}}],"collection":[{"href":"https:\/\/commune.esson.fr\/website\/index.php?rest_route=\/wp\/v2\/pages"}],"about":[{"href":"https:\/\/commune.esson.fr\/website\/index.php?rest_route=\/wp\/v2\/types\/page"}],"author":[{"embeddable":true,"href":"https:\/\/commune.esson.fr\/website\/index.php?rest_route=\/wp\/v2\/users\/1"}],"replies":[{"embeddable":true,"href":"https:\/\/commune.esson.fr\/website\/index.php?rest_route=%2Fwp%2Fv2%2Fcomments&post=451"}],"version-history":[{"count":3,"href":"https:\/\/commune.esson.fr\/website\/index.php?rest_route=\/wp\/v2\/pages\/451\/revisions"}],"predecessor-version":[{"id":567,"href":"https:\/\/commune.esson.fr\/website\/index.php?rest_route=\/wp\/v2\/pages\/451\/revisions\/567"}],"wp:attachment":[{"href":"https:\/\/commune.esson.fr\/website\/index.php?rest_route=%2Fwp%2Fv2%2Fmedia&parent=451"}],"curies":[{"name":"wp","href":"https:\/\/api.w.org\/{rel}","templated":true}]}}