{"id":274,"date":"2017-06-19T17:26:59","date_gmt":"2017-06-19T17:26:59","guid":{"rendered":"http:\/\/commune.esson.fr\/website\/?page_id=274"},"modified":"2022-03-15T18:00:11","modified_gmt":"2022-03-15T18:00:11","slug":"regles-durbanisme","status":"publish","type":"page","link":"https:\/\/commune.esson.fr\/website\/?page_id=274","title":{"rendered":"R\u00e8gles \u00ab d\u2019urbanisme \u00bb"},"content":{"rendered":"\n<p><strong>Nouveau !<\/strong><\/p>\n\n\n\n<p>Saisie par voie \u00e9lectronique (SVE) des dossiers de demande d\u2019autorisation d\u2019urbanisme (permis de construire, de d\u00e9molir, d\u2019am\u00e9nager, d\u00e9claration pr\u00e9alable de travaux, certificat d\u2019urbanisme).<\/p>\n\n\n\n<p>A partir du 1er janvier 2022 Ouverture de la saisie par voie \u00e9lectronique des demandes d\u2019autorisations d\u2019urbanisme Simple et gratuite, la saisie en ligne, est d\u00e9sormais accessible.<\/p>\n\n\n\n<p>L\u2019acc\u00e8s au nouveau dispositif d\u2019effectue avec le lien suivant\u00a0:<br><a href=\"https:\/\/idds.sdec-energie.fr\/NetADS\/sve\/CCCSN14\/\" target=\"_blank\" rel=\"noreferrer noopener\">https:\/\/idds.sdec-energie.fr\/NetADS\/sve\/CCCSN14\/<\/a><\/p>\n\n\n\n<p>Vid\u00e9o didactique je d\u00e9pose ma demande en ligne<br><\/p>\n\n\n\n<figure class=\"wp-block-embed is-type-video is-provider-youtube wp-block-embed-youtube wp-embed-aspect-16-9 wp-has-aspect-ratio\"><div class=\"wp-block-embed__wrapper\">\n<iframe loading=\"lazy\" title=\"D\u00e9poser une demande d&#039;urbanisme sur le site web de votre commune\" width=\"840\" height=\"473\" src=\"https:\/\/www.youtube.com\/embed\/DG3jRjAgPIA?feature=oembed\" frameborder=\"0\" allow=\"accelerometer; autoplay; clipboard-write; encrypted-media; gyroscope; picture-in-picture\" allowfullscreen><\/iframe>\n<\/div><\/figure>\n\n\n\n<p>Les dossiers papier seront toujours possibles. C\u2019est un service suppl\u00e9mentaire qui est offert \u00e0 la population. Transmettre en ligne son dossier \u00e9vite les frais de photocopies et les frais postaux, et permet un gain de temps sur les d\u00e9lais d\u2019instruction.<\/p>\n\n\n\n<p>Comment demander une autorisation d\u2019urbanisme ?<br>Deux possibilit\u00e9s sont offertes \u00e0 la population pour d\u00e9poser une demande d\u2019autorisation d\u2019urbanisme vous pouvez soit :<br>Saisir une demande en ligne :<br><a href=\"https:\/\/idds.sdecenergie.fr\/NetADS\/sve\/CCCSN14\/\"><\/a><a href=\"https:\/\/www.service-public.fr\/particuliers\/vosdroits\/N319\" target=\"_blank\" rel=\"noreferrer noopener\">Autorisation d&rsquo;urbanisme | service-public.fr<\/a><br>D\u00e9poser un dossier papier en mairie de votre domicile<\/p>\n","protected":false},"excerpt":{"rendered":"<p>Nouveau ! Saisie par voie \u00e9lectronique (SVE) des dossiers de demande d\u2019autorisation d\u2019urbanisme (permis de construire, de d\u00e9molir, d\u2019am\u00e9nager, d\u00e9claration pr\u00e9alable de travaux, certificat d\u2019urbanisme). A partir du 1er janvier 2022 Ouverture de la saisie par voie \u00e9lectronique des demandes d\u2019autorisations d\u2019urbanisme Simple et gratuite, la saisie en ligne, est d\u00e9sormais accessible. L\u2019acc\u00e8s au nouveau &hellip; <a href=\"https:\/\/commune.esson.fr\/website\/?page_id=274\" class=\"more-link\">Continuer la lecture<span class=\"screen-reader-text\"> de &laquo;&nbsp;R\u00e8gles \u00ab d\u2019urbanisme \u00bb&nbsp;&raquo;<\/span><\/a><\/p>\n","protected":false},"author":1,"featured_media":0,"parent":0,"menu_order":0,"comment_status":"closed","ping_status":"closed","template":"sidebar-page.php","meta":{"_exactmetrics_skip_tracking":false,"_exactmetrics_sitenote_active":false,"_exactmetrics_sitenote_note":"","_exactmetrics_sitenote_category":0,"footnotes":""},"class_list":["post-274","page","type-page","status-publish","hentry"],"_links":{"self":[{"href":"https:\/\/commune.esson.fr\/website\/index.php?rest_route=\/wp\/v2\/pages\/274","targetHints":{"allow":["GET"]}}],"collection":[{"href":"https:\/\/commune.esson.fr\/website\/index.php?rest_route=\/wp\/v2\/pages"}],"about":[{"href":"https:\/\/commune.esson.fr\/website\/index.php?rest_route=\/wp\/v2\/types\/page"}],"author":[{"embeddable":true,"href":"https:\/\/commune.esson.fr\/website\/index.php?rest_route=\/wp\/v2\/users\/1"}],"replies":[{"embeddable":true,"href":"https:\/\/commune.esson.fr\/website\/index.php?rest_route=%2Fwp%2Fv2%2Fcomments&post=274"}],"version-history":[{"count":10,"href":"https:\/\/commune.esson.fr\/website\/index.php?rest_route=\/wp\/v2\/pages\/274\/revisions"}],"predecessor-version":[{"id":495,"href":"https:\/\/commune.esson.fr\/website\/index.php?rest_route=\/wp\/v2\/pages\/274\/revisions\/495"}],"wp:attachment":[{"href":"https:\/\/commune.esson.fr\/website\/index.php?rest_route=%2Fwp%2Fv2%2Fmedia&parent=274"}],"curies":[{"name":"wp","href":"https:\/\/api.w.org\/{rel}","templated":true}]}}