{"id":251,"date":"2017-05-10T20:29:55","date_gmt":"2017-05-10T20:29:55","guid":{"rendered":"http:\/\/commune.esson.fr\/website\/?page_id=251"},"modified":"2022-03-18T15:04:42","modified_gmt":"2022-03-18T15:04:42","slug":"bonne-nouvelle","status":"publish","type":"page","link":"https:\/\/commune.esson.fr\/website\/?page_id=251","title":{"rendered":"Bonne-Nouvelle"},"content":{"rendered":"<h1>CHAPELLE BONNE-NOUVELLE<\/h1>\n<hr>\n<p style=\"text-align: right;\"><em>1823 et 1894<\/em><\/p>\n<p>La chapelle de Bonne-Nouvelle, \u00e9lev\u00e9e par Guillaume le Conqu\u00e9rant est d\u00e9truite en 1794, reconstruite en 1823 et restaur\u00e9e en 1894. Centre de p\u00e8lerinage les lundis de Pentec\u00f4te, elle est situ\u00e9e sur un promontoire et offre un panorama remarquable notamment sur l&rsquo;Orne. Une croix monumentale du XIXe si\u00e8cle en calcaire et fer forg\u00e9 de 3,12 m\u00e8tres se trouve pr\u00e8s de l&rsquo;\u00e9glise.<\/p>\n<hr>\n<h1>HISTOIRE DE LA CHAPELLE<\/h1>\n<p>Sur l&rsquo;histoire de la Chapelle Bonne-Nouvelle, il existe plusieurs l\u00e9gendes dont la plus plausible est celle de Monsieur Maizeret qui fut notre pr\u00e9cieux documentaliste sur l&rsquo;histoire de Guillaume le Conqu\u00e9rant. La folle poursuite du Duc pour rattraper Grimoult du Plessis et lui faire payer ch\u00e8rement sa f\u00e9lonie. De retour apr\u00e8s la conqu\u00eate de l&rsquo;Angleterre, au cours d&rsquo;un repas avec ses compagnons (Raoul Marmion, Raoul Tesson baron du Cinglais et beaucoup d&rsquo;autres), l&rsquo;un d&rsquo;eux remit \u00e0 Guillaume la bague de fian\u00e7ailles de la Duchesse qu&rsquo;il avait vol\u00e9 dans ses appartements en disant qu&rsquo;il l&rsquo;avait prise aux mains de son suborneur.<br>Guillaume \u00e9tait fel de caract\u00e8re. Il se leva fou de col\u00e8re. Je me vengerai, dit-il.<br>Il fit appeler le petit page Landry, lui ordonnant :<\/p>\n<ul>\n<li>Va chercher la Duchesse. Qu&rsquo;elle vienne imm\u00e9diatement. Va ensuite aux \u00e9curies et fait brider mon cheval de guerre.<\/li>\n<\/ul>\n<p>La Reine arriva en tenue de nuit. Elle approcha les mains tendues vers le Conqu\u00e9rant.<\/p>\n<ul>\n<li>Tout beau Madame, dit celui-ci rudement.<\/li>\n<li>Mais qu&rsquo;avez-vous mon doux Seigneur ?<\/li>\n<li>Ce que j&rsquo;ai, perfide, tu me demandes ce que j&rsquo;ai ?<\/li>\n<li>Mais oui, vous paraissez en col\u00e8re.<\/li>\n<li>On le serait \u00e0 moins, vous allez expier !<\/li>\n<li>Expier quoi ?<\/li>\n<li>Attache les cheveux de la Reine \u00e0 la queue de mon cheval et qu&rsquo;on la prom\u00e8ne par la ville afin que tout le monde soit t\u00e9moin de sa trahison.<\/li>\n<\/ul>\n<p>Passant rue Froide, pr\u00e8s de l&rsquo;\u00e9glise Saint Sauveur, elle se serait plainte du froid. Ce qui a donn\u00e9 son nom \u00e0 cette rue, nom qui a travers\u00e9 les si\u00e8cles pour venir jusqu&rsquo;\u00e0 nous.<\/p>\n<p>A l&rsquo;angle des routes de Falaise et de Cormelles, le page arr\u00eata son cheval. Mathilde, \u00e9puis\u00e9e, tomba \u00e0 genoux et pria la Vierge Marie de venir \u00e0 son aide. Tous les t\u00e9moins pleuraient de la voir si malheureuse.<br>Elle, si bonne pour eux.<br>De retour, mise au cachot, \u00e0 genoux sur la terre humide, elle pleura sur son malheur auquel elle ne comprenait rien.<br>Guillaume, lui non plus ne dormit pas. Il s&rsquo;en vint \u00e0 douter. Comment la Duchesse, si douce, si bonne, si pieuse, a-t-elle pu ? Si on l&rsquo;avait tromp\u00e9 ? Comment savoir la v\u00e9rit\u00e9 ?<br>Sur les conseils de son ami Golet qui lui avait autrefois sauv\u00e9 la vie, il comprit que Grimoult avait menti.<br>Guillaume monta chez le moine Maigret et lui demanda son froc. Puis un cierge \u00e0 la main et le crucifix de l&rsquo;autre, il s&rsquo;en fut confesser la Reine.<br>Belle dame, je viens vous confesser. Notre Seigneur, le Duc, a d\u00e9cid\u00e9 que l&rsquo;on allait vous couper la t\u00eate !<br>Ses fautes \u00e9taient des peccadilles et il apprit qu&rsquo;au cours de son absence son intendant Grimoult du Plessis s&rsquo;\u00e9tait permis de faire \u00e0 la Reine des propositions malhonn\u00eates. Le confesseur improvis\u00e9 se trouvait soulag\u00e9.<\/p>\n<ul>\n<li>C&rsquo;est tout ma Fille ?<\/li>\n<li>Oui, c&rsquo;est tout, mon P\u00e8re.<\/li>\n<\/ul>\n<p>La fureur de Guillaume envers le parjure fut telle qu&rsquo;en un instant, il forma une escorte et partit rattraper Du Plessis.<br>Ce dernier, suivant les \u00e9v\u00e8nements et se rendant compte que sa mise en sc\u00e8ne pour se venger de Mathilde avait \u00e9chou\u00e9, prit la fuite, esp\u00e9rant se mettre \u00e0 l&rsquo;abri en son domaine.<br>Traversant la for\u00eat qui, \u00e0 cette \u00e9poque, couvrait une grande partie de notre campagne, \u00e0 la suite des chiens qui suivaient la piste du fuyard, Guillaume parvint aux environs de la paroisse d&rsquo;Esson. Les chiens s&rsquo;arr\u00eat\u00e8rent, tourn\u00e8rent en rond dans les taillis. Ils avaient perdu la trace du fuyard.<\/p>\n<ul>\n<li>O ! rage ! la proie va-t-elle nous \u00e9chapper ?<\/li>\n<\/ul>\n<p>Guillaume avisa une pastourelle gardant ses brebis.<\/p>\n<ul>\n<li>Holla petite, n&rsquo;as-tu pas vu passer un cavalier ?<\/li>\n<li>Pardi si, j&rsquo;en ai vu un qui a pass\u00e9 le gu\u00e9 de la Mousse.<\/li>\n<li>Bonne nouvelle, s&rsquo;\u00e9cria Guillaume. Je ferai b\u00e2tir ici une chapelle \u00e0 la Saint Vierge. On l&rsquo;appellera, Notre Dame de Bonne Nouvelle.<\/li>\n<\/ul>\n<p>Ayant \u00e0 leur tour travers\u00e9 l&rsquo;Orne au gu\u00e9, les chiens retrouv\u00e8rent la qu\u00eate, suivi de l&rsquo;escorte.<br>Passant pr\u00e8s d&rsquo;une forge, le fuyard fit ferrer son cheval \u00e0 rebours dans l&rsquo;espoir de d\u00e9jouer ses poursuivants et repartit \u00e0 toute bride. Cern\u00e9, il voulut se d\u00e9fendre, tira l&rsquo;\u00e9p\u00e9e. Assailli de toutes parts, il fut oblig\u00e9 de se rendre et aussit\u00f4t le bourreau lui coupa la main droite.<br>Pendu par les bras \u00e0 un arbre, d\u00e9shabill\u00e9, il fut soumis \u00e0 l\u2019\u00e9preuve de la torture pour lui faire expier sa faute.<br>Toujours en vie, il fut d\u00e9coup\u00e9 en morceaux qui furent jet\u00e9s dans les bois en p\u00e2ture aux b\u00eates sauvages.<br>L\u2019endroit ou Grimoult fut ainsi rattrap\u00e9 et supplici\u00e9 s&rsquo;est appel\u00e9 depuis la Berri\u00e8re au Co nu, ou corps nu et porte toujours ce nom.<br>Guillaume a tenu parole. Sur une colline de la paroisse d&rsquo;Esson, d&rsquo;o\u00f9 il avait eu de pr\u00e9cieux renseignements sur le passage du fugitif, et d&rsquo;o\u00f9 I &lsquo;on domine les paroisses de Caumont, Esson, Thury-Harcourt et Croisilles, une chapelle fut construite.<br>Edifi\u00e9e tr\u00e8s sobrement, quatre piliers soutenant la toiture, abritent l&rsquo;autel et la statue de la Vierge. Ce modeste sanctuaire juch\u00e9 sur ce petit promontoire \u00e9tait le lieu o\u00f9 chaque paroisse venait en d\u00e9l\u00e9gation remercier la Vierge Marie d&rsquo;une protection particuli\u00e8re accord\u00e9e en particulier, lors des \u00e9pid\u00e9mies qui incitaient les croyants dans la multiplication des p\u00e8lerinages.<br>Les filles qui d\u00e9siraient se marier, devaient gravir la c\u00f4te \u00e0 reculons par un mauvais sentier tout ribotu.<br>Pendant la r\u00e9volution de 1789, les bois qui entouraient la chapelle servaient de refuge aux maquisards royalistes. Les r\u00e9volutionnaires aux ordres de Fremanger, repr\u00e9sentant du peuple, investissent les bois, profanent et d\u00e9truisent ce lieu de culte.<br>Pendant cette tourmente, l&rsquo;Abb\u00e9 Ronchant, originaire de Saint Martin de Sallen, refuse de se plier au serment civique. Il se r\u00e9fugie \u00e0 Rouen pendant les trois ann\u00e9es de la terreur.<br>De retour apr\u00e8s le concordat, nomm\u00e9 cur\u00e9 d&rsquo;Esson jusqu&rsquo;en 1837, il reb\u00e2tit la chapelle actuelle. Les p\u00e8lerinages reprirent ainsi que les visites personnelles ou en couple.<br>Comme il n&rsquo;y avait plus de presbyt\u00e8re \u00e0 Esson, il allait coucher le soir chez sa maman \u00e0 Saint Martin. Passait l&rsquo;Orne \u00e0 Boudinier. En temps de crues, il ne pouvait pas traverser la rivi\u00e8re et passait ses nuits dans la chapelle.<br>Des 4 colonnes qui soutenaient ce premier \u00e9difice, trois sont mises en valeur. L&rsquo;une est \u00e9rig\u00e9e sur la colline, face \u00e0 la nouvelle chapelle. Une autre, dans le cimeti\u00e8re d&rsquo;Esson, la troisi\u00e8me surmont\u00e9e de la Croix du Christ dans le triangle \u00e0 l&rsquo;intersection des routes de Thury-Harcourt et du bourg d&rsquo;Esson.<\/p>\n\n\n<p>Liens :<\/p>\n\n\n\n<p><a href=\"https:\/\/www.ouest-france.fr\/normandie\/esson-14220\/quelle-histoire-pour-la-chapelle-bonne-nouvelle-5914777\">Quelle histoire pour la chapelle Bonne-Nouvelle\u2009? (ouest-france.<\/a><a href=\"https:\/\/www.ouest-france.fr\/normandie\/esson-14220\/quelle-histoire-pour-la-chapelle-bonne-nouvelle-5914777\" target=\"_blank\" rel=\"noreferrer noopener\">fr)<\/a><\/p>\n\n\n\n<p><a href=\"https:\/\/cdt14.media.tourinsoft.eu\/upload\/La-Chapelle-Bonne-Nouvelle.pdf\">L<\/a><a href=\"https:\/\/cdt14.media.tourinsoft.eu\/upload\/La-Chapelle-Bonne-Nouvelle.pdf\" target=\"_blank\" rel=\"noreferrer noopener\">a-Chapelle-Bonne-Nouvelle.pdf (tourinsoft.eu)<\/a><\/p>\n\n\n\n<p><\/p>\n","protected":false},"excerpt":{"rendered":"<p>CHAPELLE BONNE-NOUVELLE 1823 et 1894 La chapelle de Bonne-Nouvelle, \u00e9lev\u00e9e par Guillaume le Conqu\u00e9rant est d\u00e9truite en 1794, reconstruite en 1823 et restaur\u00e9e en 1894. Centre de p\u00e8lerinage les lundis de Pentec\u00f4te, elle est situ\u00e9e sur un promontoire et offre un panorama remarquable notamment sur l&rsquo;Orne. Une croix monumentale du XIXe si\u00e8cle en calcaire et &hellip; <a href=\"https:\/\/commune.esson.fr\/website\/?page_id=251\" class=\"more-link\">Continuer la lecture<span class=\"screen-reader-text\"> de &laquo;&nbsp;Bonne-Nouvelle&nbsp;&raquo;<\/span><\/a><\/p>\n","protected":false},"author":1,"featured_media":0,"parent":0,"menu_order":0,"comment_status":"closed","ping_status":"closed","template":"","meta":{"_exactmetrics_skip_tracking":false,"_exactmetrics_sitenote_active":false,"_exactmetrics_sitenote_note":"","_exactmetrics_sitenote_category":0,"footnotes":""},"class_list":["post-251","page","type-page","status-publish","hentry"],"_links":{"self":[{"href":"https:\/\/commune.esson.fr\/website\/index.php?rest_route=\/wp\/v2\/pages\/251","targetHints":{"allow":["GET"]}}],"collection":[{"href":"https:\/\/commune.esson.fr\/website\/index.php?rest_route=\/wp\/v2\/pages"}],"about":[{"href":"https:\/\/commune.esson.fr\/website\/index.php?rest_route=\/wp\/v2\/types\/page"}],"author":[{"embeddable":true,"href":"https:\/\/commune.esson.fr\/website\/index.php?rest_route=\/wp\/v2\/users\/1"}],"replies":[{"embeddable":true,"href":"https:\/\/commune.esson.fr\/website\/index.php?rest_route=%2Fwp%2Fv2%2Fcomments&post=251"}],"version-history":[{"count":9,"href":"https:\/\/commune.esson.fr\/website\/index.php?rest_route=\/wp\/v2\/pages\/251\/revisions"}],"predecessor-version":[{"id":541,"href":"https:\/\/commune.esson.fr\/website\/index.php?rest_route=\/wp\/v2\/pages\/251\/revisions\/541"}],"wp:attachment":[{"href":"https:\/\/commune.esson.fr\/website\/index.php?rest_route=%2Fwp%2Fv2%2Fmedia&parent=251"}],"curies":[{"name":"wp","href":"https:\/\/api.w.org\/{rel}","templated":true}]}}