{"id":209,"date":"2017-05-09T20:14:28","date_gmt":"2017-05-09T20:14:28","guid":{"rendered":"http:\/\/commune.esson.fr\/website\/?page_id=209"},"modified":"2022-03-20T22:10:27","modified_gmt":"2022-03-20T22:10:27","slug":"animations","status":"publish","type":"page","link":"https:\/\/commune.esson.fr\/website\/?page_id=209","title":{"rendered":"Animations"},"content":{"rendered":"\n<h2 class=\"wp-block-heading\">Repas des ain\u00e9s<\/h2>\n\n\n\n<p>Malgr\u00e9 le contexte, le repas des ain\u00e9s a pu avoir lieu le dimanche 7 novembre 2021.<\/p>\n\n\n\n<figure class=\"wp-block-image size-large\"><img loading=\"lazy\" decoding=\"async\" width=\"1024\" height=\"600\" src=\"https:\/\/commune.esson.fr\/website\/wp-content\/uploads\/2022\/03\/Animations_2022_1-1024x600.jpg\" alt=\"\" class=\"wp-image-417\" srcset=\"https:\/\/commune.esson.fr\/website\/wp-content\/uploads\/2022\/03\/Animations_2022_1-1024x600.jpg 1024w, https:\/\/commune.esson.fr\/website\/wp-content\/uploads\/2022\/03\/Animations_2022_1-300x176.jpg 300w, https:\/\/commune.esson.fr\/website\/wp-content\/uploads\/2022\/03\/Animations_2022_1-768x450.jpg 768w, https:\/\/commune.esson.fr\/website\/wp-content\/uploads\/2022\/03\/Animations_2022_1-1536x900.jpg 1536w, https:\/\/commune.esson.fr\/website\/wp-content\/uploads\/2022\/03\/Animations_2022_1-2048x1201.jpg 2048w, https:\/\/commune.esson.fr\/website\/wp-content\/uploads\/2022\/03\/Animations_2022_1-500x293.jpg 500w\" sizes=\"auto, (max-width: 709px) 85vw, (max-width: 909px) 67vw, (max-width: 1362px) 62vw, 840px\" \/><\/figure>\n\n\n\n<h2 class=\"wp-block-heading\">Spectacle de No\u00ebl<\/h2>\n\n\n\n<p>Les conditions sanitaires s\u2019\u00e9tant durcies, nous avons \u00e9t\u00e9 contraints d\u2019annuler l\u2019arbre de No\u00ebl. Ceci \u00e9tant, les enfants de l\u2019\u00e9cole ont pu b\u00e9n\u00e9ficier en semaine du spectacle.<\/p>\n\n\n\n<figure class=\"wp-block-image size-full\"><img loading=\"lazy\" decoding=\"async\" width=\"874\" height=\"755\" src=\"https:\/\/commune.esson.fr\/website\/wp-content\/uploads\/2022\/03\/Animations_2022_2.jpg\" alt=\"\" class=\"wp-image-418\" srcset=\"https:\/\/commune.esson.fr\/website\/wp-content\/uploads\/2022\/03\/Animations_2022_2.jpg 874w, https:\/\/commune.esson.fr\/website\/wp-content\/uploads\/2022\/03\/Animations_2022_2-300x259.jpg 300w, https:\/\/commune.esson.fr\/website\/wp-content\/uploads\/2022\/03\/Animations_2022_2-768x663.jpg 768w, https:\/\/commune.esson.fr\/website\/wp-content\/uploads\/2022\/03\/Animations_2022_2-347x300.jpg 347w\" sizes=\"auto, (max-width: 709px) 85vw, (max-width: 909px) 67vw, (max-width: 1362px) 62vw, 840px\" \/><\/figure>\n\n\n\n<h2 class=\"wp-block-heading\">Distribution des colis de Noel<\/h2>\n\n\n\n<figure class=\"wp-block-image size-full\"><img loading=\"lazy\" decoding=\"async\" width=\"870\" height=\"533\" src=\"https:\/\/commune.esson.fr\/website\/wp-content\/uploads\/2022\/03\/Animations_2022_3.jpg\" alt=\"\" class=\"wp-image-420\" srcset=\"https:\/\/commune.esson.fr\/website\/wp-content\/uploads\/2022\/03\/Animations_2022_3.jpg 870w, https:\/\/commune.esson.fr\/website\/wp-content\/uploads\/2022\/03\/Animations_2022_3-300x184.jpg 300w, https:\/\/commune.esson.fr\/website\/wp-content\/uploads\/2022\/03\/Animations_2022_3-768x471.jpg 768w, https:\/\/commune.esson.fr\/website\/wp-content\/uploads\/2022\/03\/Animations_2022_3-490x300.jpg 490w\" sizes=\"auto, (max-width: 709px) 85vw, (max-width: 909px) 67vw, (max-width: 1362px) 62vw, 840px\" \/><\/figure>\n\n\n\n<h2 class=\"wp-block-heading\">Distribution des cadeaux aux enfants<\/h2>\n\n\n\n<figure class=\"wp-block-image size-full\"><img loading=\"lazy\" decoding=\"async\" width=\"859\" height=\"491\" src=\"https:\/\/commune.esson.fr\/website\/wp-content\/uploads\/2022\/03\/Animations_2022_4.jpg\" alt=\"\" class=\"wp-image-421\" srcset=\"https:\/\/commune.esson.fr\/website\/wp-content\/uploads\/2022\/03\/Animations_2022_4.jpg 859w, https:\/\/commune.esson.fr\/website\/wp-content\/uploads\/2022\/03\/Animations_2022_4-300x171.jpg 300w, https:\/\/commune.esson.fr\/website\/wp-content\/uploads\/2022\/03\/Animations_2022_4-768x439.jpg 768w, https:\/\/commune.esson.fr\/website\/wp-content\/uploads\/2022\/03\/Animations_2022_4-500x286.jpg 500w\" sizes=\"auto, (max-width: 709px) 85vw, (max-width: 909px) 67vw, (max-width: 1362px) 62vw, 840px\" \/><\/figure>\n\n\n\n<h2 class=\"wp-block-heading\">D\u00e9coration de Noel<\/h2>\n\n\n\n<figure class=\"wp-block-image size-full\"><img loading=\"lazy\" decoding=\"async\" width=\"827\" height=\"843\" src=\"https:\/\/commune.esson.fr\/website\/wp-content\/uploads\/2022\/03\/Animations_2022_5.jpg\" alt=\"\" class=\"wp-image-423\" srcset=\"https:\/\/commune.esson.fr\/website\/wp-content\/uploads\/2022\/03\/Animations_2022_5.jpg 827w, https:\/\/commune.esson.fr\/website\/wp-content\/uploads\/2022\/03\/Animations_2022_5-294x300.jpg 294w, https:\/\/commune.esson.fr\/website\/wp-content\/uploads\/2022\/03\/Animations_2022_5-768x783.jpg 768w\" sizes=\"auto, (max-width: 827px) 85vw, 827px\" \/><\/figure>\n\n\n\n<h2 class=\"wp-block-heading\">Dates A Retenir En 2022<\/h2>\n\n\n\n<p><strong>Courant avril-mai 2022 <\/strong>Randonn\u00e9e organis\u00e9e par l&rsquo;association patrimoine<br><strong>Lundi 6 juin 2022<\/strong> Messe \u00e0 la Chapelle Bonne Nouvelle<br><strong>Mardi 21 juin 2022<\/strong> F\u00eate de la musique<br><strong>Samedi 17\/dimanche 18 septembre 2022<\/strong> Journ\u00e9e du patrimoine<br><strong>Vendredi 23 septembre 2022<\/strong> Conf\u00e9rence sur la Chine (anim\u00e9e par Michel LEMOINE)<br><strong>Dimanche 13 novembre 2022<\/strong> Repas des ain\u00e9s<br><strong>Dimanche 11 d\u00e9cembre 2022 <\/strong>Arbre de no\u00ebl<\/p>\n","protected":false},"excerpt":{"rendered":"<p>Repas des ain\u00e9s Malgr\u00e9 le contexte, le repas des ain\u00e9s a pu avoir lieu le dimanche 7 novembre 2021. Spectacle de No\u00ebl Les conditions sanitaires s\u2019\u00e9tant durcies, nous avons \u00e9t\u00e9 contraints d\u2019annuler l\u2019arbre de No\u00ebl. Ceci \u00e9tant, les enfants de l\u2019\u00e9cole ont pu b\u00e9n\u00e9ficier en semaine du spectacle. Distribution des colis de Noel Distribution des &hellip; <a href=\"https:\/\/commune.esson.fr\/website\/?page_id=209\" class=\"more-link\">Continuer la lecture<span class=\"screen-reader-text\"> de &laquo;&nbsp;Animations&nbsp;&raquo;<\/span><\/a><\/p>\n","protected":false},"author":1,"featured_media":0,"parent":0,"menu_order":0,"comment_status":"closed","ping_status":"closed","template":"sidebar-page.php","meta":{"_exactmetrics_skip_tracking":false,"_exactmetrics_sitenote_active":false,"_exactmetrics_sitenote_note":"","_exactmetrics_sitenote_category":0,"footnotes":""},"class_list":["post-209","page","type-page","status-publish","hentry"],"_links":{"self":[{"href":"https:\/\/commune.esson.fr\/website\/index.php?rest_route=\/wp\/v2\/pages\/209","targetHints":{"allow":["GET"]}}],"collection":[{"href":"https:\/\/commune.esson.fr\/website\/index.php?rest_route=\/wp\/v2\/pages"}],"about":[{"href":"https:\/\/commune.esson.fr\/website\/index.php?rest_route=\/wp\/v2\/types\/page"}],"author":[{"embeddable":true,"href":"https:\/\/commune.esson.fr\/website\/index.php?rest_route=\/wp\/v2\/users\/1"}],"replies":[{"embeddable":true,"href":"https:\/\/commune.esson.fr\/website\/index.php?rest_route=%2Fwp%2Fv2%2Fcomments&post=209"}],"version-history":[{"count":12,"href":"https:\/\/commune.esson.fr\/website\/index.php?rest_route=\/wp\/v2\/pages\/209\/revisions"}],"predecessor-version":[{"id":547,"href":"https:\/\/commune.esson.fr\/website\/index.php?rest_route=\/wp\/v2\/pages\/209\/revisions\/547"}],"wp:attachment":[{"href":"https:\/\/commune.esson.fr\/website\/index.php?rest_route=%2Fwp%2Fv2%2Fmedia&parent=209"}],"curies":[{"name":"wp","href":"https:\/\/api.w.org\/{rel}","templated":true}]}}