{"id":151,"date":"2017-05-07T20:21:04","date_gmt":"2017-05-07T20:21:04","guid":{"rendered":"http:\/\/commune.esson.fr\/website\/?page_id=151"},"modified":"2022-03-18T15:09:53","modified_gmt":"2022-03-18T15:09:53","slug":"travaux","status":"publish","type":"page","link":"https:\/\/commune.esson.fr\/website\/?page_id=151","title":{"rendered":"Travaux 2021 &#038; 2022"},"content":{"rendered":"<p>Taille Sanitaire et relev\u00e9 de couronne des <a href=\"https:\/\/fr.wikipedia.org\/wiki\/If_commun\" target=\"_blank\" rel=\"noopener\">Ifs<\/a> a l\u2019entr\u00e9e du cimeti\u00e8re et \u00e0 la Chapelle Bonne Nouvelle.<br \/>Suite \u00e0 l\u2019achat d\u2019une partie du Bois de Bonne Nouvelle par la commune, nous avons fait effectuer une coupe d\u2019\u00e9claircie par Pierre GAUTIER ( Indispen\u2019Arbre) ici en compagnie d\u2019Emmanuel.<\/p>\n<p>\u00a0<\/p>\n\n\n<figure class=\"wp-block-image size-full\"><img loading=\"lazy\" decoding=\"async\" width=\"840\" height=\"594\" src=\"https:\/\/commune.esson.fr\/website\/wp-content\/uploads\/2022\/03\/Travaux_2022_1.jpg\" alt=\"\" class=\"wp-image-411\" srcset=\"https:\/\/commune.esson.fr\/website\/wp-content\/uploads\/2022\/03\/Travaux_2022_1.jpg 840w, https:\/\/commune.esson.fr\/website\/wp-content\/uploads\/2022\/03\/Travaux_2022_1-300x212.jpg 300w, https:\/\/commune.esson.fr\/website\/wp-content\/uploads\/2022\/03\/Travaux_2022_1-768x543.jpg 768w, https:\/\/commune.esson.fr\/website\/wp-content\/uploads\/2022\/03\/Travaux_2022_1-424x300.jpg 424w\" sizes=\"auto, (max-width: 709px) 85vw, (max-width: 909px) 67vw, (max-width: 1362px) 62vw, 840px\" \/><\/figure>\n\n\n\n<p>Un d\u00e9fibrillateur \u00e0 \u00e9tait install\u00e9 courant octobre \u00e0 la salle des f\u00eates en fa\u00e7ade de celle-ci.<\/p>\n\n\n\n<figure class=\"wp-block-image size-full\"><img loading=\"lazy\" decoding=\"async\" width=\"855\" height=\"412\" src=\"https:\/\/commune.esson.fr\/website\/wp-content\/uploads\/2022\/03\/Travaux_2022_2.jpg\" alt=\"\" class=\"wp-image-412\" srcset=\"https:\/\/commune.esson.fr\/website\/wp-content\/uploads\/2022\/03\/Travaux_2022_2.jpg 855w, https:\/\/commune.esson.fr\/website\/wp-content\/uploads\/2022\/03\/Travaux_2022_2-300x145.jpg 300w, https:\/\/commune.esson.fr\/website\/wp-content\/uploads\/2022\/03\/Travaux_2022_2-768x370.jpg 768w, https:\/\/commune.esson.fr\/website\/wp-content\/uploads\/2022\/03\/Travaux_2022_2-500x241.jpg 500w\" sizes=\"auto, (max-width: 709px) 85vw, (max-width: 909px) 67vw, (max-width: 1362px) 62vw, 840px\" \/><\/figure>\n\n\n\n<h2 class=\"wp-block-heading\">Captage des eaux pluviales<\/h2>\n\n\n\n<p>Rue de Pont d\u2019Ouilly pour \u00e9vacuer via une canalisation PVC vers la Rue de la Forge.<br>Tranch\u00e9e drainante sur 120m Route de la Neuville.<\/p>\n\n\n\n<figure class=\"wp-block-image size-full\"><img loading=\"lazy\" decoding=\"async\" width=\"873\" height=\"646\" src=\"https:\/\/commune.esson.fr\/website\/wp-content\/uploads\/2022\/03\/Travaux_2022_3.jpg\" alt=\"\" class=\"wp-image-413\" srcset=\"https:\/\/commune.esson.fr\/website\/wp-content\/uploads\/2022\/03\/Travaux_2022_3.jpg 873w, https:\/\/commune.esson.fr\/website\/wp-content\/uploads\/2022\/03\/Travaux_2022_3-300x222.jpg 300w, https:\/\/commune.esson.fr\/website\/wp-content\/uploads\/2022\/03\/Travaux_2022_3-768x568.jpg 768w, https:\/\/commune.esson.fr\/website\/wp-content\/uploads\/2022\/03\/Travaux_2022_3-405x300.jpg 405w\" sizes=\"auto, (max-width: 709px) 85vw, (max-width: 909px) 67vw, (max-width: 1362px) 62vw, 840px\" \/><\/figure>\n\n\n\n<p>Pose de caniveaux CC1 au D\u00e9goutreuil<br>Pose de caniveaux CC1 sur 110m face \u00e0 l\u2019\u00e9cole<\/p>\n\n\n\n<figure class=\"wp-block-image size-full\"><img loading=\"lazy\" decoding=\"async\" width=\"672\" height=\"503\" src=\"https:\/\/commune.esson.fr\/website\/wp-content\/uploads\/2022\/03\/Travaux_2022_4.jpg\" alt=\"\" class=\"wp-image-414\" srcset=\"https:\/\/commune.esson.fr\/website\/wp-content\/uploads\/2022\/03\/Travaux_2022_4.jpg 672w, https:\/\/commune.esson.fr\/website\/wp-content\/uploads\/2022\/03\/Travaux_2022_4-300x225.jpg 300w, https:\/\/commune.esson.fr\/website\/wp-content\/uploads\/2022\/03\/Travaux_2022_4-401x300.jpg 401w\" sizes=\"auto, (max-width: 672px) 85vw, 672px\" \/><\/figure>\n","protected":false},"excerpt":{"rendered":"<p>Taille Sanitaire et relev\u00e9 de couronne des Ifs a l\u2019entr\u00e9e du cimeti\u00e8re et \u00e0 la Chapelle Bonne Nouvelle.Suite \u00e0 l\u2019achat d\u2019une partie du Bois de Bonne Nouvelle par la commune, nous avons fait effectuer une coupe d\u2019\u00e9claircie par Pierre GAUTIER ( Indispen\u2019Arbre) ici en compagnie d\u2019Emmanuel. \u00a0 Un d\u00e9fibrillateur \u00e0 \u00e9tait install\u00e9 courant octobre \u00e0 &hellip; <a href=\"https:\/\/commune.esson.fr\/website\/?page_id=151\" class=\"more-link\">Continuer la lecture<span class=\"screen-reader-text\"> de &laquo;&nbsp;Travaux 2021 &#038; 2022&nbsp;&raquo;<\/span><\/a><\/p>\n","protected":false},"author":1,"featured_media":0,"parent":0,"menu_order":0,"comment_status":"closed","ping_status":"closed","template":"sidebar-page.php","meta":{"_exactmetrics_skip_tracking":false,"_exactmetrics_sitenote_active":false,"_exactmetrics_sitenote_note":"","_exactmetrics_sitenote_category":0,"footnotes":""},"class_list":["post-151","page","type-page","status-publish","hentry"],"_links":{"self":[{"href":"https:\/\/commune.esson.fr\/website\/index.php?rest_route=\/wp\/v2\/pages\/151","targetHints":{"allow":["GET"]}}],"collection":[{"href":"https:\/\/commune.esson.fr\/website\/index.php?rest_route=\/wp\/v2\/pages"}],"about":[{"href":"https:\/\/commune.esson.fr\/website\/index.php?rest_route=\/wp\/v2\/types\/page"}],"author":[{"embeddable":true,"href":"https:\/\/commune.esson.fr\/website\/index.php?rest_route=\/wp\/v2\/users\/1"}],"replies":[{"embeddable":true,"href":"https:\/\/commune.esson.fr\/website\/index.php?rest_route=%2Fwp%2Fv2%2Fcomments&post=151"}],"version-history":[{"count":7,"href":"https:\/\/commune.esson.fr\/website\/index.php?rest_route=\/wp\/v2\/pages\/151\/revisions"}],"predecessor-version":[{"id":542,"href":"https:\/\/commune.esson.fr\/website\/index.php?rest_route=\/wp\/v2\/pages\/151\/revisions\/542"}],"wp:attachment":[{"href":"https:\/\/commune.esson.fr\/website\/index.php?rest_route=%2Fwp%2Fv2%2Fmedia&parent=151"}],"curies":[{"name":"wp","href":"https:\/\/api.w.org\/{rel}","templated":true}]}}